{"id":1801,"date":"2022-11-16T05:53:07","date_gmt":"2022-11-16T05:53:07","guid":{"rendered":"https:\/\/www.neu0.com\/politique-de-confidentialite\/"},"modified":"2022-11-18T11:01:26","modified_gmt":"2022-11-18T11:01:26","slug":"politique-de-confidentialite","status":"publish","type":"page","link":"https:\/\/www.neu0.com\/fr\/politique-de-confidentialite\/","title":{"rendered":"Politique de confidentialit\u00e9"},"content":{"rendered":"\t\t<div data-elementor-type=\"wp-page\" data-elementor-id=\"1801\" class=\"elementor elementor-1801 elementor-1799\">\n\t\t\t\t\t\t<section class=\"elementor-section elementor-top-section elementor-element elementor-element-2a0c94e elementor-section-boxed elementor-section-height-default elementor-section-height-default wpr-particle-no wpr-jarallax-no wpr-parallax-no wpr-sticky-section-no\" data-id=\"2a0c94e\" data-element_type=\"section\">\n\t\t\t\t\t\t<div class=\"elementor-container elementor-column-gap-default\">\n\t\t\t\t\t<div class=\"elementor-column elementor-col-100 elementor-top-column elementor-element elementor-element-3a388dd\" data-id=\"3a388dd\" data-element_type=\"column\">\n\t\t\t<div class=\"elementor-widget-wrap elementor-element-populated\">\n\t\t\t\t\t\t<section class=\"elementor-section elementor-inner-section elementor-element elementor-element-40138c8 elementor-section-boxed elementor-section-height-default elementor-section-height-default wpr-particle-no wpr-jarallax-no wpr-parallax-no wpr-sticky-section-no\" data-id=\"40138c8\" data-element_type=\"section\">\n\t\t\t\t\t\t<div class=\"elementor-container elementor-column-gap-default\">\n\t\t\t\t\t<div class=\"elementor-column elementor-col-100 elementor-inner-column elementor-element elementor-element-4a8a5f3\" data-id=\"4a8a5f3\" data-element_type=\"column\">\n\t\t\t<div class=\"elementor-widget-wrap elementor-element-populated\">\n\t\t\t\t\t\t<div class=\"elementor-element elementor-element-460c82f elementor-widget elementor-widget-heading\" data-id=\"460c82f\" data-element_type=\"widget\" data-widget_type=\"heading.default\">\n\t\t\t\t<div class=\"elementor-widget-container\">\n\t\t\t\t\t<h1 class=\"elementor-heading-title elementor-size-default\">Politique de confidentialit\u00e9<\/h1>\t\t\t\t<\/div>\n\t\t\t\t<\/div>\n\t\t\t\t<div class=\"elementor-element elementor-element-25b5a94 elementor-widget elementor-widget-heading\" data-id=\"25b5a94\" data-element_type=\"widget\" data-widget_type=\"heading.default\">\n\t\t\t\t<div class=\"elementor-widget-container\">\n\t\t\t\t\t<h2 class=\"elementor-heading-title elementor-size-default\">Qui sommes-nous ?<\/h2>\t\t\t\t<\/div>\n\t\t\t\t<\/div>\n\t\t\t\t<div class=\"elementor-element elementor-element-c039ede elementor-widget elementor-widget-text-editor\" data-id=\"c039ede\" data-element_type=\"widget\" data-widget_type=\"text-editor.default\">\n\t\t\t\t<div class=\"elementor-widget-container\">\n\t\t\t\t\t\t\t\t\t<p>Neu0.com est un site web \u00e9dit\u00e9 par Franck Demeestere EI, 31 rue Laganne, 31300 Toulouse, France.<\/p>\n\t\t\t\t\t\t\t\t<\/div>\n\t\t\t\t<\/div>\n\t\t\t\t<div class=\"elementor-element elementor-element-a42c18c elementor-widget elementor-widget-heading\" data-id=\"a42c18c\" data-element_type=\"widget\" data-widget_type=\"heading.default\">\n\t\t\t\t<div class=\"elementor-widget-container\">\n\t\t\t\t\t<h2 class=\"elementor-heading-title elementor-size-default\">Ce que nous recueillons et recevons<\/h2>\t\t\t\t<\/div>\n\t\t\t\t<\/div>\n\t\t\t\t<div class=\"elementor-element elementor-element-33b2859 elementor-widget elementor-widget-text-editor\" data-id=\"33b2859\" data-element_type=\"widget\" data-widget_type=\"text-editor.default\">\n\t\t\t\t<div class=\"elementor-widget-container\">\n\t\t\t\t\t\t\t\t\t<p><strong>Donn\u00e9es du formulaire de contact &#8211;<\/strong> <span style=\"font-weight: 400;\">Lorsque vous nous contactez, par le biais de notre site web ou par e-mail, <\/span><span style=\"font-weight: 400;\">nous enregistrons votre demande et notre r\u00e9ponse afin d&rsquo;accro\u00eetre nos performances, <\/span><span style=\"font-weight: 400;\">nous collectons les donn\u00e9es que vous nous avez fournies afin de vous r\u00e9pondre avec les informations dont vous avez besoin<\/span>.<span style=\"font-weight: 400;\">  Nous conservons les donn\u00e9es personnelles identifiables<br \/>les informations associ\u00e9es \u00e0 votre message, telles que votre nom et votre adresse \u00e9lectronique, afin de pouvoir suivre nos communications.  <br \/><\/span><\/p>\n<p><strong>Donn\u00e9es d&rsquo;utilisation &#8211;<\/strong>  lorsque vous visitez notre site, nous enregistrons : les parties de notre site que vous visitez, la date et la dur\u00e9e de votre visite, votre adresse IP anonyme, les informations relatives \u00e0 l&rsquo;appareil (type d&rsquo;appareil, syst\u00e8me d&rsquo;exploitation, r\u00e9solution d&rsquo;\u00e9cran, langue, pays dans lequel vous vous trouvez et type de navigateur web) que vous avez utilis\u00e9 pendant votre visite, et  <a href=\"https:\/\/matomo.org\/faq\/general\/faq_18254\/\">plus<\/a>. Nous traitons ces donn\u00e9es d&rsquo;utilisation avec <a href=\"https:\/\/matomo.org\">Matomo Analytics<\/a> \u00e0 des fins statistiques, pour am\u00e9liorer notre site et pour reconna\u00eetre et arr\u00eater toute utilisation abusive.<\/p>\n<p><strong>Cookies &#8211; <\/strong>nous utilisons des cookies (petits fichiers de donn\u00e9es transf\u00e9r\u00e9s sur des ordinateurs ou des appareils par des sites) \u00e0 des fins de tenue d&rsquo;archives et pour am\u00e9liorer la fonctionnalit\u00e9 de notre site. Vous pouvez d\u00e9sactiver ou restreindre la transmission des cookies en modifiant les param\u00e8tres de votre navigateur web. Les cookies qui sont d\u00e9j\u00e0 stock\u00e9s peuvent \u00eatre supprim\u00e9s \u00e0 tout moment.<\/p>\n\t\t\t\t\t\t\t\t<\/div>\n\t\t\t\t<\/div>\n\t\t\t\t<div class=\"elementor-element elementor-element-12ff4d0 elementor-widget elementor-widget-heading\" data-id=\"12ff4d0\" data-element_type=\"widget\" data-widget_type=\"heading.default\">\n\t\t\t\t<div class=\"elementor-widget-container\">\n\t\t\t\t\t<h2 class=\"elementor-heading-title elementor-size-default\">Services de tiers que nous utilisons<\/h2>\t\t\t\t<\/div>\n\t\t\t\t<\/div>\n\t\t\t\t<div class=\"elementor-element elementor-element-4c6d634 elementor-widget elementor-widget-text-editor\" data-id=\"4c6d634\" data-element_type=\"widget\" data-widget_type=\"text-editor.default\">\n\t\t\t\t<div class=\"elementor-widget-container\">\n\t\t\t\t\t\t\t\t\t<p>Lorsque vous visitez nos sites web, ou que vous achetez des produits ou des services, nous utilisons les services de tiers suivants qui peuvent collecter des donn\u00e9es personnelles :<\/p>\n\t\t\t\t\t\t\t\t<\/div>\n\t\t\t\t<\/div>\n\t\t\t\t<div class=\"elementor-element elementor-element-28deaa3 elementor-widget elementor-widget-html\" data-id=\"28deaa3\" data-element_type=\"widget\" data-widget_type=\"html.default\">\n\t\t\t\t<div class=\"elementor-widget-container\">\n\t\t\t\t\t<table>\n<tbody>\n<tr>\n<td><strong>Destinataire<\/strong><\/td>\n<td><strong>Objectif du traitement<\/strong><\/td>\n<td><strong>Base l\u00e9gale<\/strong><\/td>\n<td><strong>Localisation et s\u00e9curit\u00e9 des donn\u00e9es<\/strong><\/td>\n<td><strong>Donn\u00e9es personnelles collect\u00e9es par le tiers<\/strong><\/td>\n<td><strong>Politique de confidentialit\u00e9<\/strong><\/td>\n<\/tr>\n<tr>\n<td><a href=\"https:\/\/matomo.org\/hosting\/\">Matomo Cloud<\/a><\/td>\n<td>collecter et analyser des informations sur la mani\u00e8re dont vous interagissez avec nos sites web (analyse web), et reconna\u00eetre et arr\u00eater toute utilisation abusive.<\/td>\n<td>Int\u00e9r\u00eat l\u00e9gitime<\/td>\n<td>Allemagne et Irlande<\/td>\n<td>Adresse IP anonyme, pages visit\u00e9es, navigateur et appareil utilis\u00e9s, mouvements de la souris, frappes de touches anonymes, etc <a href=\"https:\/\/matomo.org\/faq\/general\/faq_18254\/\">.<\/a><\/td>\n<td><a href=\"https:\/\/matomo.org\/matomo-cloud-privacy-policy\/\">lien<\/a><\/td>\n<\/tr>\n<tr>\n<td><a href=\"https:\/\/www.mapbox.com\/\">Mapbox<\/a><\/td>\n<td>Pour afficher les cartes interactives  <\/td>\n<td>Int\u00e9r\u00eat l\u00e9gitime<\/td>\n<td>Dans le monde entier<\/td>\n<td>Mapbox collecte des donn\u00e9es (1) \u00e0 des fins de diagnostic et d'analyse internes (2) pour am\u00e9liorer ses produits et services cartographiques (3) pour fournir les services aux utilisateurs finaux de ses clients et (4) pour g\u00e9n\u00e9rer des statistiques d'utilisation agr\u00e9g\u00e9es et anonymes. Vous trouverez de plus amples informations sur la mani\u00e8re dont ils s\u00e9curisent et utilisent les donn\u00e9es de localisation sur la <a href=\"https:\/\/www.mapbox.com\/telemetry\/\">page t\u00e9l\u00e9m\u00e9trie de Mapbox<\/a> .\n<td><a href=\"https:\/\/www.mapbox.com\/legal\/privacy\/\">lien<\/a><\/td>\n<\/tr>\n<\/tr>\n<\/tbody>\n<\/table>\t\t\t\t<\/div>\n\t\t\t\t<\/div>\n\t\t\t\t\t<\/div>\n\t\t<\/div>\n\t\t\t\t\t<\/div>\n\t\t<\/section>\n\t\t\t\t\t<\/div>\n\t\t<\/div>\n\t\t\t\t\t<\/div>\n\t\t<\/section>\n\t\t\t\t<\/div>\n\t\t","protected":false},"excerpt":{"rendered":"<p>Politique de confidentialit\u00e9 Qui sommes-nous ? Neu0.com est un site web \u00e9dit\u00e9 par Franck Demeestere EI, 31 rue Laganne, 31300 Toulouse, France. Ce que nous recueillons et recevons Donn\u00e9es du formulaire de contact &#8211; Lorsque vous nous contactez, par le biais de notre site web ou par e-mail, nous enregistrons votre demande et notre r\u00e9ponse afin d&rsquo;accro\u00eetre nos performances, nous collectons les donn\u00e9es que vous nous avez fournies afin de vous r\u00e9pondre avec les informations dont vous avez besoin. Nous conservons les donn\u00e9es personnelles identifiablesles informations associ\u00e9es \u00e0 votre message, telles que votre nom et votre adresse \u00e9lectronique, afin de pouvoir suivre nos communications. Donn\u00e9es d&rsquo;utilisation &#8211; lorsque vous visitez notre site, nous enregistrons : les parties de notre site que vous visitez, la date et la dur\u00e9e de votre visite, votre adresse IP anonyme, les informations relatives \u00e0 l&rsquo;appareil (type d&rsquo;appareil, syst\u00e8me d&rsquo;exploitation, r\u00e9solution d&rsquo;\u00e9cran, langue, pays dans lequel vous vous trouvez et type de navigateur web) que vous avez utilis\u00e9 pendant votre visite, et plus. Nous traitons ces donn\u00e9es d&rsquo;utilisation avec Matomo Analytics \u00e0 des fins statistiques, pour am\u00e9liorer notre site et pour reconna\u00eetre et arr\u00eater toute utilisation abusive. Cookies &#8211; nous utilisons des cookies (petits fichiers de donn\u00e9es transf\u00e9r\u00e9s sur des ordinateurs ou des appareils par des sites) \u00e0 des fins de tenue d&rsquo;archives et pour am\u00e9liorer la fonctionnalit\u00e9 de notre site. Vous pouvez d\u00e9sactiver ou restreindre la transmission des cookies en modifiant les param\u00e8tres de votre navigateur web. Les cookies qui sont d\u00e9j\u00e0 stock\u00e9s peuvent \u00eatre supprim\u00e9s \u00e0 tout moment. Services de tiers que nous utilisons Lorsque vous visitez nos sites web, ou que vous achetez des produits ou des services, nous utilisons les services de tiers suivants qui peuvent collecter des donn\u00e9es personnelles : Destinataire Objectif du traitement Base l\u00e9gale Localisation et s\u00e9curit\u00e9 des donn\u00e9es Donn\u00e9es personnelles collect\u00e9es par le tiers Politique de confidentialit\u00e9 Matomo Cloud collecter et analyser des informations sur la mani\u00e8re dont vous interagissez avec nos sites web (analyse web), et reconna\u00eetre et arr\u00eater toute utilisation abusive. Int\u00e9r\u00eat l\u00e9gitime Allemagne et Irlande Adresse IP anonyme, pages visit\u00e9es, navigateur et appareil utilis\u00e9s, mouvements de la souris, frappes de touches anonymes, etc . lien Mapbox Pour afficher les cartes interactives Int\u00e9r\u00eat l\u00e9gitime Dans le monde entier Mapbox collecte des donn\u00e9es (1) \u00e0 des fins de diagnostic et d&rsquo;analyse internes (2) pour am\u00e9liorer ses produits et services cartographiques (3) pour fournir les services aux utilisateurs finaux de ses clients et (4) pour g\u00e9n\u00e9rer des statistiques d&rsquo;utilisation agr\u00e9g\u00e9es et anonymes. Vous trouverez de plus amples informations sur la mani\u00e8re dont ils s\u00e9curisent et utilisent les donn\u00e9es de localisation sur la page t\u00e9l\u00e9m\u00e9trie de Mapbox . lien<\/p>\n","protected":false},"author":2,"featured_media":0,"parent":0,"menu_order":0,"comment_status":"closed","ping_status":"closed","template":"","meta":{"_seopress_robots_primary_cat":"","_seopress_titles_title":"","_seopress_titles_desc":"","_seopress_robots_index":"","footnotes":""},"class_list":["post-1801","page","type-page","status-publish","hentry","entry"],"_links":{"self":[{"href":"https:\/\/www.neu0.com\/fr\/wp-json\/wp\/v2\/pages\/1801","targetHints":{"allow":["GET"]}}],"collection":[{"href":"https:\/\/www.neu0.com\/fr\/wp-json\/wp\/v2\/pages"}],"about":[{"href":"https:\/\/www.neu0.com\/fr\/wp-json\/wp\/v2\/types\/page"}],"author":[{"embeddable":true,"href":"https:\/\/www.neu0.com\/fr\/wp-json\/wp\/v2\/users\/2"}],"replies":[{"embeddable":true,"href":"https:\/\/www.neu0.com\/fr\/wp-json\/wp\/v2\/comments?post=1801"}],"version-history":[{"count":54,"href":"https:\/\/www.neu0.com\/fr\/wp-json\/wp\/v2\/pages\/1801\/revisions"}],"predecessor-version":[{"id":2035,"href":"https:\/\/www.neu0.com\/fr\/wp-json\/wp\/v2\/pages\/1801\/revisions\/2035"}],"wp:attachment":[{"href":"https:\/\/www.neu0.com\/fr\/wp-json\/wp\/v2\/media?parent=1801"}],"curies":[{"name":"wp","href":"https:\/\/api.w.org\/{rel}","templated":true}]}}