{"id":1738,"date":"2022-11-08T09:36:57","date_gmt":"2022-11-08T09:36:57","guid":{"rendered":"https:\/\/www.neu0.com\/conditions-dutilisation\/"},"modified":"2022-11-09T06:46:52","modified_gmt":"2022-11-09T06:46:52","slug":"conditions-dutilisation","status":"publish","type":"page","link":"https:\/\/www.neu0.com\/fr\/conditions-dutilisation\/","title":{"rendered":"Conditions g\u00e9n\u00e9rales d&rsquo;utilisation"},"content":{"rendered":"\t\t<div data-elementor-type=\"wp-page\" data-elementor-id=\"1738\" class=\"elementor elementor-1738 elementor-1736\">\n\t\t\t\t\t\t<div class=\"elementor-section elementor-top-section elementor-element elementor-element-74f9cc7 elementor-section-full_width elementor-section-height-min-height elementor-section-height-default elementor-section-items-middle wpr-particle-no wpr-jarallax-no wpr-parallax-no wpr-sticky-section-no\" data-id=\"74f9cc7\" data-element_type=\"section\" data-settings=\"{&quot;background_background&quot;:&quot;classic&quot;}\">\n\t\t\t\t\t\t<div class=\"elementor-container elementor-column-gap-no\">\n\t\t\t\t\t<div class=\"elementor-column elementor-col-100 elementor-top-column elementor-element elementor-element-824e261\" data-id=\"824e261\" data-element_type=\"column\">\n\t\t\t<div class=\"elementor-widget-wrap elementor-element-populated\">\n\t\t\t\t\t\t<div class=\"elementor-element elementor-element-8b2825c elementor-widget elementor-widget-image\" data-id=\"8b2825c\" data-element_type=\"widget\" data-widget_type=\"image.default\">\n\t\t\t\t<div class=\"elementor-widget-container\">\n\t\t\t\t\t\t\t\t\t\t\t\t\t\t\t<img decoding=\"async\" width=\"100\" height=\"100\" src=\"https:\/\/www.neu0.com\/wp-content\/uploads\/2022\/10\/logo_v0_3_no_baseline_vector_text_overlay2.svg\" class=\"attachment-2048x2048 size-2048x2048 wp-image-1380\" alt=\"Logo de Neu0 representant une montagne enneig\u00e9e sous forme de triangle avec la mention &quot;Neu0&quot;\" \/>\t\t\t\t\t\t\t\t\t\t\t\t\t\t\t<\/div>\n\t\t\t\t<\/div>\n\t\t\t\t\t<\/div>\n\t\t<\/div>\n\t\t\t\t\t<\/div>\n\t\t<\/div>\n\t\t\t\t<section class=\"elementor-section elementor-top-section elementor-element elementor-element-f0ba5d3 elementor-section-boxed elementor-section-height-default elementor-section-height-default wpr-particle-no wpr-jarallax-no wpr-parallax-no wpr-sticky-section-no\" data-id=\"f0ba5d3\" data-element_type=\"section\">\n\t\t\t\t\t\t<div class=\"elementor-container elementor-column-gap-default\">\n\t\t\t\t\t<div class=\"elementor-column elementor-col-100 elementor-top-column elementor-element elementor-element-33c6cd5\" data-id=\"33c6cd5\" data-element_type=\"column\">\n\t\t\t<div class=\"elementor-widget-wrap elementor-element-populated\">\n\t\t\t\t\t\t<section class=\"elementor-section elementor-inner-section elementor-element elementor-element-54f6354 elementor-section-boxed elementor-section-height-default elementor-section-height-default wpr-particle-no wpr-jarallax-no wpr-parallax-no wpr-sticky-section-no\" data-id=\"54f6354\" data-element_type=\"section\">\n\t\t\t\t\t\t<div class=\"elementor-container elementor-column-gap-default\">\n\t\t\t\t\t<div class=\"elementor-column elementor-col-100 elementor-inner-column elementor-element elementor-element-9e811ad\" data-id=\"9e811ad\" data-element_type=\"column\">\n\t\t\t<div class=\"elementor-widget-wrap elementor-element-populated\">\n\t\t\t\t\t\t<div class=\"elementor-element elementor-element-b355fb0 elementor-widget elementor-widget-heading\" data-id=\"b355fb0\" data-element_type=\"widget\" data-widget_type=\"heading.default\">\n\t\t\t\t<div class=\"elementor-widget-container\">\n\t\t\t\t\t<h1 class=\"elementor-heading-title elementor-size-default\">Conditions g\u00e9n\u00e9rales d'utilisation<\/h1>\t\t\t\t<\/div>\n\t\t\t\t<\/div>\n\t\t\t\t<div class=\"elementor-element elementor-element-a2706a7 elementor-widget elementor-widget-text-editor\" data-id=\"a2706a7\" data-element_type=\"widget\" data-widget_type=\"text-editor.default\">\n\t\t\t\t<div class=\"elementor-widget-container\">\n\t\t\t\t\t\t\t\t\t<p><b>ARTICLE 1 : Objet<\/b><\/p>\n<p>Les pr\u00e9sentes \u00ab conditions g\u00e9n\u00e9rales d&rsquo;utilisation \u00bb ont pour objet l&rsquo;encadrement juridique de l\u2019utilisation du site neu0.com et de ses services.<br>Le pr\u00e9sent contrat est conclu entre :<br>Le gestionnaire du site web, ci-apr\u00e8s d\u00e9nomm\u00e9 \u00ab\u00a0l&rsquo;\u00e9diteur\u00a0\u00bb,<br>Toute personne physique ou morale souhaitant acc\u00e9der au site et \u00e0 ses services, ci-apr\u00e8s d\u00e9nomm\u00e9e \u00ab\u00a0l&rsquo;Utilisateur\u00a0\u00bb.<br>Les conditions d&rsquo;utilisation doivent \u00eatre accept\u00e9es par tous les utilisateurs, et l&rsquo;acc\u00e8s au site implique l&rsquo;acceptation de ces conditions.<b><br><\/b><\/p>\n<p><b>ARTICLE 2 : Mentions l\u00e9gales<\/b><\/p>\n<p>Le site neu0.com est \u00e9dit\u00e9 par Franck Demeestere EI, domicili\u00e9 au 31 rue Laganne, 31300 Toulouse, France.<b><br><\/b><\/p>\n<p><b>ARTICLE 3 : Acc\u00e8s aux services<\/b><\/p>\n<p>L&rsquo;utilisateur du site neu0.com a acc\u00e8s au service suivant :<br>&#8211; Consultation de cartes d&rsquo;enneigement<br>Tout utilisateur ayant acc\u00e8s \u00e0 l&rsquo;internet peut acc\u00e9der gratuitement au site, o\u00f9 qu&rsquo;il soit. Les frais engag\u00e9s par l&rsquo;Utilisateur pour acc\u00e9der au site (connexion internet, mat\u00e9riel informatique, etc.) ne sont pas pris en charge par l&rsquo;Editeur.<br>Le site et ses diff\u00e9rents services pourront \u00eatre interrompus ou suspendus par l&rsquo;Editeur, notamment pour des raisons de maintenance, sans obligation de pr\u00e9avis ni de justification.<b><br><\/b><\/p>\n<p><b>ARTICLE 4 : Responsabilit\u00e9 de l&rsquo;utilisateur<\/b><\/p>\n<p>L&rsquo;Utilisateur assume l&rsquo;enti\u00e8re responsabilit\u00e9 de l&rsquo;utilisation qu&rsquo;il fait des informations et contenus pr\u00e9sents sur le site neu0.com.<br>Tout usage du service par l&rsquo;Utilisateur ayant directement ou indirectement pour cons\u00e9quence des dommages doit faire l&rsquo;objet d&rsquo;une indemnisation au profit du site.<b><br><\/b><\/p>\n<p><b>ARTICLE 5 : Responsabilit\u00e9 de l&rsquo;\u00e9diteur<\/b><\/p>\n<p>Les cartes affich\u00e9es par neu0 sont le r\u00e9sultat d&rsquo;une estimation bas\u00e9e sur des donn\u00e9es provenant de capteurs satellites. Elles peuvent contenir des erreurs. L&rsquo;\u00e9diteur n&rsquo;assume donc aucune responsabilit\u00e9 quant \u00e0 la correspondance effective des cartes avec les conditions r\u00e9elles d&rsquo;enneigement. L&rsquo;Utilisateur est invit\u00e9 \u00e0 v\u00e9rifier l&rsquo;exactitude et la pertinence des informations mises \u00e0 disposition sur ce Site.<br>L&rsquo;Editeur ne pourra en aucun cas \u00eatre tenu responsable de tout dommage, quel qu&rsquo;il soit, r\u00e9sultant de l&rsquo;interpr\u00e9tation ou de l&rsquo;utilisation des informations disponibles sur neu0.com.<br>L&rsquo;\u00e9diteur ne peut \u00eatre tenu responsable d&rsquo;un \u00e9ventuel dysfonctionnement du serveur ou du r\u00e9seau.<b><br><\/b><\/p>\n<p><b>ARTICLE 6 : Propri\u00e9t\u00e9 intellectuelle<\/b><\/p>\n<p>Le contenu du site neu0.com (logos, textes, \u00e9l\u00e9ments graphiques, vid\u00e9os, logiciels, etc.) est prot\u00e9g\u00e9 par le droit d&rsquo;auteur, conform\u00e9ment au Code de la propri\u00e9t\u00e9 intellectuelle.<br>L&rsquo;utilisateur doit obtenir l&rsquo;autorisation de l&rsquo;\u00e9diteur du site avant de reproduire, copier ou publier l&rsquo;un de ces contenus.<br>Ces derniers peuvent \u00eatre utilis\u00e9s par les utilisateurs \u00e0 des fins priv\u00e9es ; tout usage commercial est interdit sans l&rsquo;autorisation de l&rsquo;\u00e9diteur.<b><br><\/b><\/p>\n<p><b>ARTICLE 7 : Liens hypertextes<\/b><\/p>\n<p>Les domaines vers lesquels pointent les liens hypertextes pr\u00e9sents sur le site n&rsquo;engagent pas la responsabilit\u00e9 de l&rsquo;Editeur de neu0.com, qui n&rsquo;a aucun contr\u00f4le sur ces liens.<br>Il est possible pour un tiers de cr\u00e9er un lien vers la page d&rsquo;accueil de neu0.com sans l&rsquo;autorisation expresse de l&rsquo;\u00e9diteur.<br>Tout tiers doit obtenir l&rsquo;autorisation de l&rsquo;\u00e9diteur du site pour cr\u00e9er un lien vers une page du site neu0.com autre que la page d&rsquo;accueil.<b><br><\/b><\/p>\n<p><b>ARTICLE 8 : \u00c9volution des conditions g\u00e9n\u00e9rales d\u2019utilisation<\/b><\/p>\n<p>Le site neu0.com se r\u00e9serve le droit de modifier les clauses des pr\u00e9sentes conditions g\u00e9n\u00e9rales d&rsquo;utilisation \u00e0 tout moment et sans justification.<b><br><\/b><\/p>\n<p><b>ARTICLE 9 : Dur\u00e9e du contrat<\/b><\/p>\n<p>La dur\u00e9e de ce contrat est ind\u00e9termin\u00e9e. Le contrat prend effet \u00e0 l&rsquo;\u00e9gard de l&rsquo;Utilisateur d\u00e8s le d\u00e9but de l&rsquo;utilisation du service.<\/p>\n<p><b>ARTICLE 10 : Droit applicable et juridiction comp\u00e9tente<\/b><\/p>\n<p>Le pr\u00e9sent contrat est r\u00e9gi par le droit fran\u00e7ais. <br>En cas de litige non r\u00e9solu \u00e0 l\u2019amiable entre l\u2019Utilisateur et l\u2019\u00c9diteur, les tribunaux fran\u00e7ais seront seuls comp\u00e9tents pour r\u00e9gler le contentieux.<\/p>\t\t\t\t\t\t\t\t<\/div>\n\t\t\t\t<\/div>\n\t\t\t\t\t<\/div>\n\t\t<\/div>\n\t\t\t\t\t<\/div>\n\t\t<\/section>\n\t\t\t\t\t<\/div>\n\t\t<\/div>\n\t\t\t\t\t<\/div>\n\t\t<\/section>\n\t\t\t\t<\/div>\n\t\t","protected":false},"excerpt":{"rendered":"<p>Conditions g\u00e9n\u00e9rales d&rsquo;utilisation ARTICLE 1 : Objet Les pr\u00e9sentes \u00ab conditions g\u00e9n\u00e9rales d&rsquo;utilisation \u00bb ont pour objet l&rsquo;encadrement juridique de l\u2019utilisation du site neu0.com et de ses services. Le pr\u00e9sent contrat est conclu entre : Le gestionnaire du site web, ci-apr\u00e8s d\u00e9nomm\u00e9 \u00ab\u00a0l&rsquo;\u00e9diteur\u00a0\u00bb, Toute personne physique ou morale souhaitant acc\u00e9der au site et \u00e0 ses services, ci-apr\u00e8s d\u00e9nomm\u00e9e \u00ab\u00a0l&rsquo;Utilisateur\u00a0\u00bb. Les conditions d&rsquo;utilisation doivent \u00eatre accept\u00e9es par tous les utilisateurs, et l&rsquo;acc\u00e8s au site implique l&rsquo;acceptation de ces conditions. ARTICLE 2 : Mentions l\u00e9gales Le site neu0.com est \u00e9dit\u00e9 par Franck Demeestere EI, domicili\u00e9 au 31 rue Laganne, 31300 Toulouse, France. ARTICLE 3 : Acc\u00e8s aux services L&rsquo;utilisateur du site neu0.com a acc\u00e8s au service suivant : &#8211; Consultation de cartes d&rsquo;enneigement Tout utilisateur ayant acc\u00e8s \u00e0 l&rsquo;internet peut acc\u00e9der gratuitement au site, o\u00f9 qu&rsquo;il soit. Les frais engag\u00e9s par l&rsquo;Utilisateur pour acc\u00e9der au site (connexion internet, mat\u00e9riel informatique, etc.) ne sont pas pris en charge par l&rsquo;Editeur. Le site et ses diff\u00e9rents services pourront \u00eatre interrompus ou suspendus par l&rsquo;Editeur, notamment pour des raisons de maintenance, sans obligation de pr\u00e9avis ni de justification. ARTICLE 4 : Responsabilit\u00e9 de l&rsquo;utilisateur L&rsquo;Utilisateur assume l&rsquo;enti\u00e8re responsabilit\u00e9 de l&rsquo;utilisation qu&rsquo;il fait des informations et contenus pr\u00e9sents sur le site neu0.com. Tout usage du service par l&rsquo;Utilisateur ayant directement ou indirectement pour cons\u00e9quence des dommages doit faire l&rsquo;objet d&rsquo;une indemnisation au profit du site. ARTICLE 5 : Responsabilit\u00e9 de l&rsquo;\u00e9diteur Les cartes affich\u00e9es par neu0 sont le r\u00e9sultat d&rsquo;une estimation bas\u00e9e sur des donn\u00e9es provenant de capteurs satellites. Elles peuvent contenir des erreurs. L&rsquo;\u00e9diteur n&rsquo;assume donc aucune responsabilit\u00e9 quant \u00e0 la correspondance effective des cartes avec les conditions r\u00e9elles d&rsquo;enneigement. L&rsquo;Utilisateur est invit\u00e9 \u00e0 v\u00e9rifier l&rsquo;exactitude et la pertinence des informations mises \u00e0 disposition sur ce Site. L&rsquo;Editeur ne pourra en aucun cas \u00eatre tenu responsable de tout dommage, quel qu&rsquo;il soit, r\u00e9sultant de l&rsquo;interpr\u00e9tation ou de l&rsquo;utilisation des informations disponibles sur neu0.com. L&rsquo;\u00e9diteur ne peut \u00eatre tenu responsable d&rsquo;un \u00e9ventuel dysfonctionnement du serveur ou du r\u00e9seau. ARTICLE 6 : Propri\u00e9t\u00e9 intellectuelle Le contenu du site neu0.com (logos, textes, \u00e9l\u00e9ments graphiques, vid\u00e9os, logiciels, etc.) est prot\u00e9g\u00e9 par le droit d&rsquo;auteur, conform\u00e9ment au Code de la propri\u00e9t\u00e9 intellectuelle. L&rsquo;utilisateur doit obtenir l&rsquo;autorisation de l&rsquo;\u00e9diteur du site avant de reproduire, copier ou publier l&rsquo;un de ces contenus. Ces derniers peuvent \u00eatre utilis\u00e9s par les utilisateurs \u00e0 des fins priv\u00e9es ; tout usage commercial est interdit sans l&rsquo;autorisation de l&rsquo;\u00e9diteur. ARTICLE 7 : Liens hypertextes Les domaines vers lesquels pointent les liens hypertextes pr\u00e9sents sur le site n&rsquo;engagent pas la responsabilit\u00e9 de l&rsquo;Editeur de neu0.com, qui n&rsquo;a aucun contr\u00f4le sur ces liens. Il est possible pour un tiers de cr\u00e9er un lien vers la page d&rsquo;accueil de neu0.com sans l&rsquo;autorisation expresse de l&rsquo;\u00e9diteur. Tout tiers doit obtenir l&rsquo;autorisation de l&rsquo;\u00e9diteur du site pour cr\u00e9er un lien vers une page du site neu0.com autre que la page d&rsquo;accueil. ARTICLE 8 : \u00c9volution des conditions g\u00e9n\u00e9rales d\u2019utilisation Le site neu0.com se r\u00e9serve le droit de modifier les clauses des pr\u00e9sentes conditions g\u00e9n\u00e9rales d&rsquo;utilisation \u00e0 tout moment et sans justification. ARTICLE 9 : Dur\u00e9e du contrat La dur\u00e9e de ce contrat est ind\u00e9termin\u00e9e. Le contrat prend effet \u00e0 l&rsquo;\u00e9gard de l&rsquo;Utilisateur d\u00e8s le d\u00e9but de l&rsquo;utilisation du service. ARTICLE 10 : Droit applicable et juridiction comp\u00e9tente Le pr\u00e9sent contrat est r\u00e9gi par le droit fran\u00e7ais. En cas de litige non r\u00e9solu \u00e0 l\u2019amiable entre l\u2019Utilisateur et l\u2019\u00c9diteur, les tribunaux fran\u00e7ais seront seuls comp\u00e9tents pour r\u00e9gler le contentieux.<\/p>\n","protected":false},"author":2,"featured_media":0,"parent":0,"menu_order":0,"comment_status":"closed","ping_status":"closed","template":"","meta":{"_seopress_robots_primary_cat":"","_seopress_titles_title":"","_seopress_titles_desc":"","_seopress_robots_index":"","footnotes":""},"class_list":["post-1738","page","type-page","status-publish","hentry","entry"],"_links":{"self":[{"href":"https:\/\/www.neu0.com\/fr\/wp-json\/wp\/v2\/pages\/1738","targetHints":{"allow":["GET"]}}],"collection":[{"href":"https:\/\/www.neu0.com\/fr\/wp-json\/wp\/v2\/pages"}],"about":[{"href":"https:\/\/www.neu0.com\/fr\/wp-json\/wp\/v2\/types\/page"}],"author":[{"embeddable":true,"href":"https:\/\/www.neu0.com\/fr\/wp-json\/wp\/v2\/users\/2"}],"replies":[{"embeddable":true,"href":"https:\/\/www.neu0.com\/fr\/wp-json\/wp\/v2\/comments?post=1738"}],"version-history":[{"count":10,"href":"https:\/\/www.neu0.com\/fr\/wp-json\/wp\/v2\/pages\/1738\/revisions"}],"predecessor-version":[{"id":1794,"href":"https:\/\/www.neu0.com\/fr\/wp-json\/wp\/v2\/pages\/1738\/revisions\/1794"}],"wp:attachment":[{"href":"https:\/\/www.neu0.com\/fr\/wp-json\/wp\/v2\/media?parent=1738"}],"curies":[{"name":"wp","href":"https:\/\/api.w.org\/{rel}","templated":true}]}}